{"id":1106,"date":"2025-10-11T19:07:04","date_gmt":"2025-10-11T17:07:04","guid":{"rendered":"https:\/\/loob.es\/castellon\/?page_id=1106"},"modified":"2025-10-11T19:07:40","modified_gmt":"2025-10-11T17:07:40","slug":"terminos-de-uso-del-establecimiento","status":"publish","type":"page","link":"https:\/\/loob.es\/castellon\/terminos-de-uso-del-establecimiento\/","title":{"rendered":"T\u00e9rminos de uso del establecimiento"},"content":{"rendered":"\t\t<div data-elementor-type=\"wp-page\" data-elementor-id=\"1106\" class=\"elementor elementor-1106\" data-elementor-post-type=\"page\">\n\t\t\t\t<div class=\"elementor-element elementor-element-3edaa39 e-flex e-con-boxed e-con e-parent\" data-id=\"3edaa39\" data-element_type=\"container\" data-e-type=\"container\">\n\t\t\t\t\t<div class=\"e-con-inner\">\n\t\t\t\t<div class=\"elementor-element elementor-element-f5a2f05 elementor-widget elementor-widget-text-editor\" data-id=\"f5a2f05\" data-element_type=\"widget\" data-e-type=\"widget\" data-widget_type=\"text-editor.default\">\n\t\t\t\t<div class=\"elementor-widget-container\">\n\t\t\t\t\t\t\t\t\t<p><strong><u>\u00c9ste es tu hotel.<\/u><\/strong> El HOTEL LOOB dispone de diferentes tipos de habitaciones cuyo uso cede al cliente. El contrato de hospedaje se realiza desde el cajero autom\u00e1tico existente o en la recepci\u00f3n del establecimiento, mediante solicitud oral o escrita por parte del cliente. En el caso de que exista una reserva previa \u00e9sta se har\u00e1 v\u00e1lida mediante el check in en el cajero autom\u00e1tico o mediante su presentaci\u00f3n en la recepci\u00f3n.<\/p><p>\u00a0<\/p><p><strong><u>Duraci\u00f3n del alojamiento.<\/u><\/strong>\u00a0 Su estancia se iniciar\u00e1 en el momento de realizar el check in y finalizar\u00e1 alcanzado la hora de finalizaci\u00f3n seg\u00fan la modalidad contratada. En las tarifas \u201cD\u00eda\u201d, el check in podr\u00e1 realizarse a partir de las 14:00 horas del d\u00eda contratado y el check out deber\u00e1 realizarse, como muy tarde, en el horario previsto en funci\u00f3n de la modalidad contratada.<\/p><p>\u00a0<\/p><p><strong><u>Vencimiento del tiempo de estancia. <\/u><\/strong>Llegada la hora de finalizaci\u00f3n de la estancia el hu\u00e9sped est\u00e1 obligado a abandonar su habitaci\u00f3n, disponiendo de 10 minutos de tolerancia por parte del establecimiento. Una vez finalizado el tiempo de alojamiento, en caso de que el hu\u00e9sped desee ampliar su estancia, podr\u00e1 hacerlo contratando una hora adicional o cualquier otra modalidad (4 horas, 12 horas, d\u00eda), todo ello, siempre sujeto a disponibilidad del alojamiento. En estos supuestos de ampliaci\u00f3n, el hu\u00e9sped est\u00e1 obligado a pagar la nueva contrataci\u00f3n antes de comenzar a disfrutar la misma. En el caso de que se haya agotado el tiempo contratado de alojamiento y el hu\u00e9sped NO haya ampliado su estancia (independientemente de la modalidad), el cliente autoriza expresamente a HOTEL LOOB a cobrar de forma autom\u00e1tica por el mismo medio de pago seleccionado por el cliente al inicio de su estancia o de su reserva, el precio equivalente a una nueva estancia igual a la inicialmente contratada por el cliente. En el caso de que no sea posible este cobro y el hu\u00e9sped se niegue a abandonar la habitaci\u00f3n, el personal del hotel pondr\u00e1 estos hechos en conocimiento de las autoridades competentes informando al hu\u00e9sped de estas medidas.<\/p><p>\u00a0<\/p><p><strong><u>Da\u00f1os en la habitaci\u00f3n.<\/u><\/strong> Rogamos a nuestros hu\u00e9spedes que cuiden el estado de conservaci\u00f3n de la habitaci\u00f3n y zonas comunes, as\u00ed como que nos hagan saber, al entrar en la misma, si existe alg\u00fan desperfecto. El cliente acepta que los da\u00f1os que \u00e9ste cause en la\u00a0\u00a0 habitaci\u00f3n y\/o zonas comunes, muebles, equipamiento, enseres, \u2026. Ser\u00e1n abonados por \u00e9ste al final del alojamiento, al igual que cualquier elemento que haya sido sustra\u00eddo de la habitaci\u00f3n y\/o zonas comunes.<\/p><p>\u00a0<\/p><p><strong><u>Su seguridad y comodidad.<\/u><\/strong> El HOTEL LOOB dispone de una caja fuerte a disposici\u00f3n de los clientes que lo requieran. Lamentablemente, el HOTEL no se hace responsable de los da\u00f1os, p\u00e9rdidas, aver\u00edas, robos y\/o hurtos que se puedan producir durante su estancia en sus efectos personales, incluso de los depositados en la caja fuerte. El cliente acepta la pol\u00edtica del hotel que impide el acceso al mismo tanto de ni\u00f1os como de mascotas.<\/p><p>\u00a0<\/p><p><strong><u>Acceso \/ salida del hotel.<\/u><\/strong> No se permite recibir comida ni otros pedidos del exterior ni de reparto a domicilio. Por motivos de privacidad, el cliente acepta que el hotel gestione su acceso y salida con el fin de preservar la privacidad de los hu\u00e9spedes.<\/p><p>\u00a0<\/p><p><strong><u>Respeto a otros hu\u00e9spedes.<\/u><\/strong> En HOTEL LOOB se alojan otros hu\u00e9spedes y velamos por la comodidad y tranquilidad de todos ellos, siendo necesario que: Se respete el descanso de otros hu\u00e9spedes, no pudiendo realizar actividades que perturben su estancia, no estando permitidas las fiestas. Est\u00e1 prohibido fumar. Se deben emplear correctamente las zonas comunes del hotel, as\u00ed como los accesos al mismo. No podr\u00e1n estar alojadas m\u00e1s personas que las que figuren en el presente contrato y hayan sido debidamente identificadas. Se deber\u00e1 mostrar respeto, educaci\u00f3n y cortes\u00eda con los otros hu\u00e9spedes, as\u00ed como con el personal del hotel. Aquellas cuestiones no reguladas espec\u00edficamente en el presente documento, est\u00e1n recogidas en las condiciones generales de la p\u00e1gina web \u201cloob.es\u201d y en la Ley Org\u00e1nica 4\/2015 de protecci\u00f3n de seguridad ciudadana, as\u00ed como en la normativa auton\u00f3mica especifica en materia de Turismo de la comunidad aut\u00f3noma. El cliente declara que ha sido informado de las caracter\u00edsticas, usos y limitaciones de los productos y servicios accesorios ofertados en el HOTEL LOOB estando satisfecho con la informaci\u00f3n recibida, aceptando los posibles riesgos que su uso y empleo puede suponer, incluido el riesgo de sufrir lesiones y aceptando sus consecuencias. El cliente descarga y libera al HOTEL LOOB y a la mercantil titular del mismo de toda responsabilidad derivada del uso de los mismos, oblig\u00e1ndose a emplearlos conforme a sus caracter\u00edsticas, usos y limitaciones, as\u00ed como a aquellas personas que le acompa\u00f1en durante su uso; renunciando a solicitar y\/o recibir todo tipo de cobro de indemnizaci\u00f3n, reclamo, demanda o acci\u00f3n por perjuicios derivados del empleo de los mismos, asumiendo personalmente la responsabilidad \u00edntegra por causa de dicho uso. El cliente de forma libre y voluntaria, manifiesta que tanto \u00e9l como sus acompa\u00f1antes son mayores de edad y que ninguno posee impedimento alguno para el empleo de los accesorios.<\/p>\t\t\t\t\t\t\t\t<\/div>\n\t\t\t\t<\/div>\n\t\t\t\t\t<\/div>\n\t\t\t\t<\/div>\n\t\t\t\t<\/div>\n\t\t","protected":false},"excerpt":{"rendered":"<p>\u00c9ste es tu hotel. El HOTEL LOOB dispone de diferentes tipos de habitaciones cuyo uso cede al cliente. El contrato de hospedaje se realiza desde el cajero autom\u00e1tico existente o en la recepci\u00f3n del establecimiento, mediante solicitud oral o escrita por parte del cliente. En el caso de que exista una reserva previa \u00e9sta se [&hellip;]<\/p>\n","protected":false},"author":1,"featured_media":0,"parent":0,"menu_order":0,"comment_status":"closed","ping_status":"closed","template":"elementor_header_footer","meta":{"footnotes":""},"class_list":["post-1106","page","type-page","status-publish","hentry"],"yoast_head":"<!-- This site is optimized with the Yoast SEO plugin v27.3 - https:\/\/yoast.com\/product\/yoast-seo-wordpress\/ -->\n<title>T\u00e9rminos de uso del establecimiento - Loob Castell\u00f3n<\/title>\n<meta name=\"robots\" content=\"index, follow, max-snippet:-1, max-image-preview:large, max-video-preview:-1\" \/>\n<link rel=\"canonical\" href=\"https:\/\/loob.es\/castellon\/terminos-de-uso-del-establecimiento\/\" \/>\n<meta property=\"og:locale\" content=\"es_ES\" \/>\n<meta property=\"og:type\" content=\"article\" \/>\n<meta property=\"og:title\" content=\"T\u00e9rminos de uso del establecimiento - Loob Castell\u00f3n\" \/>\n<meta property=\"og:description\" content=\"\u00c9ste es tu hotel. El HOTEL LOOB dispone de diferentes tipos de habitaciones cuyo uso cede al cliente. El contrato de hospedaje se realiza desde el cajero autom\u00e1tico existente o en la recepci\u00f3n del establecimiento, mediante solicitud oral o escrita por parte del cliente. En el caso de que exista una reserva previa \u00e9sta se [&hellip;]\" \/>\n<meta property=\"og:url\" content=\"https:\/\/loob.es\/castellon\/terminos-de-uso-del-establecimiento\/\" \/>\n<meta property=\"og:site_name\" content=\"Loob Castell\u00f3n\" \/>\n<meta property=\"article:modified_time\" content=\"2025-10-11T17:07:40+00:00\" \/>\n<meta name=\"twitter:card\" content=\"summary_large_image\" \/>\n<meta name=\"twitter:label1\" content=\"Tiempo de lectura\" \/>\n\t<meta name=\"twitter:data1\" content=\"4 minutos\" \/>\n<script type=\"application\/ld+json\" class=\"yoast-schema-graph\">{\"@context\":\"https:\\\/\\\/schema.org\",\"@graph\":[{\"@type\":\"WebPage\",\"@id\":\"https:\\\/\\\/loob.es\\\/castellon\\\/terminos-de-uso-del-establecimiento\\\/\",\"url\":\"https:\\\/\\\/loob.es\\\/castellon\\\/terminos-de-uso-del-establecimiento\\\/\",\"name\":\"T\u00e9rminos de uso del establecimiento - Loob Castell\u00f3n\",\"isPartOf\":{\"@id\":\"https:\\\/\\\/loob.es\\\/castellon\\\/#website\"},\"datePublished\":\"2025-10-11T17:07:04+00:00\",\"dateModified\":\"2025-10-11T17:07:40+00:00\",\"breadcrumb\":{\"@id\":\"https:\\\/\\\/loob.es\\\/castellon\\\/terminos-de-uso-del-establecimiento\\\/#breadcrumb\"},\"inLanguage\":\"es\",\"potentialAction\":[{\"@type\":\"ReadAction\",\"target\":[\"https:\\\/\\\/loob.es\\\/castellon\\\/terminos-de-uso-del-establecimiento\\\/\"]}]},{\"@type\":\"BreadcrumbList\",\"@id\":\"https:\\\/\\\/loob.es\\\/castellon\\\/terminos-de-uso-del-establecimiento\\\/#breadcrumb\",\"itemListElement\":[{\"@type\":\"ListItem\",\"position\":1,\"name\":\"Portada\",\"item\":\"https:\\\/\\\/loob.es\\\/castellon\\\/\"},{\"@type\":\"ListItem\",\"position\":2,\"name\":\"T\u00e9rminos de uso del establecimiento\"}]},{\"@type\":\"WebSite\",\"@id\":\"https:\\\/\\\/loob.es\\\/castellon\\\/#website\",\"url\":\"https:\\\/\\\/loob.es\\\/castellon\\\/\",\"name\":\"Loob Castell\u00f3n\",\"description\":\"Suites privada en Onda\",\"publisher\":{\"@id\":\"https:\\\/\\\/loob.es\\\/castellon\\\/#organization\"},\"potentialAction\":[{\"@type\":\"SearchAction\",\"target\":{\"@type\":\"EntryPoint\",\"urlTemplate\":\"https:\\\/\\\/loob.es\\\/castellon\\\/?s={search_term_string}\"},\"query-input\":{\"@type\":\"PropertyValueSpecification\",\"valueRequired\":true,\"valueName\":\"search_term_string\"}}],\"inLanguage\":\"es\"},{\"@type\":\"Organization\",\"@id\":\"https:\\\/\\\/loob.es\\\/castellon\\\/#organization\",\"name\":\"Loob Castell\u00f3n\",\"url\":\"https:\\\/\\\/loob.es\\\/castellon\\\/\",\"logo\":{\"@type\":\"ImageObject\",\"inLanguage\":\"es\",\"@id\":\"https:\\\/\\\/loob.es\\\/castellon\\\/#\\\/schema\\\/logo\\\/image\\\/\",\"url\":\"https:\\\/\\\/loob.es\\\/castellon\\\/wp-content\\\/uploads\\\/Logo-Loob-castellon-blanco.webp\",\"contentUrl\":\"https:\\\/\\\/loob.es\\\/castellon\\\/wp-content\\\/uploads\\\/Logo-Loob-castellon-blanco.webp\",\"width\":156,\"height\":197,\"caption\":\"Loob Castell\u00f3n\"},\"image\":{\"@id\":\"https:\\\/\\\/loob.es\\\/castellon\\\/#\\\/schema\\\/logo\\\/image\\\/\"}}]}<\/script>\n<!-- \/ Yoast SEO plugin. -->","yoast_head_json":{"title":"T\u00e9rminos de uso del establecimiento - Loob Castell\u00f3n","robots":{"index":"index","follow":"follow","max-snippet":"max-snippet:-1","max-image-preview":"max-image-preview:large","max-video-preview":"max-video-preview:-1"},"canonical":"https:\/\/loob.es\/castellon\/terminos-de-uso-del-establecimiento\/","og_locale":"es_ES","og_type":"article","og_title":"T\u00e9rminos de uso del establecimiento - Loob Castell\u00f3n","og_description":"\u00c9ste es tu hotel. El HOTEL LOOB dispone de diferentes tipos de habitaciones cuyo uso cede al cliente. El contrato de hospedaje se realiza desde el cajero autom\u00e1tico existente o en la recepci\u00f3n del establecimiento, mediante solicitud oral o escrita por parte del cliente. En el caso de que exista una reserva previa \u00e9sta se [&hellip;]","og_url":"https:\/\/loob.es\/castellon\/terminos-de-uso-del-establecimiento\/","og_site_name":"Loob Castell\u00f3n","article_modified_time":"2025-10-11T17:07:40+00:00","twitter_card":"summary_large_image","twitter_misc":{"Tiempo de lectura":"4 minutos"},"schema":{"@context":"https:\/\/schema.org","@graph":[{"@type":"WebPage","@id":"https:\/\/loob.es\/castellon\/terminos-de-uso-del-establecimiento\/","url":"https:\/\/loob.es\/castellon\/terminos-de-uso-del-establecimiento\/","name":"T\u00e9rminos de uso del establecimiento - Loob Castell\u00f3n","isPartOf":{"@id":"https:\/\/loob.es\/castellon\/#website"},"datePublished":"2025-10-11T17:07:04+00:00","dateModified":"2025-10-11T17:07:40+00:00","breadcrumb":{"@id":"https:\/\/loob.es\/castellon\/terminos-de-uso-del-establecimiento\/#breadcrumb"},"inLanguage":"es","potentialAction":[{"@type":"ReadAction","target":["https:\/\/loob.es\/castellon\/terminos-de-uso-del-establecimiento\/"]}]},{"@type":"BreadcrumbList","@id":"https:\/\/loob.es\/castellon\/terminos-de-uso-del-establecimiento\/#breadcrumb","itemListElement":[{"@type":"ListItem","position":1,"name":"Portada","item":"https:\/\/loob.es\/castellon\/"},{"@type":"ListItem","position":2,"name":"T\u00e9rminos de uso del establecimiento"}]},{"@type":"WebSite","@id":"https:\/\/loob.es\/castellon\/#website","url":"https:\/\/loob.es\/castellon\/","name":"Loob Castell\u00f3n","description":"Suites privada en Onda","publisher":{"@id":"https:\/\/loob.es\/castellon\/#organization"},"potentialAction":[{"@type":"SearchAction","target":{"@type":"EntryPoint","urlTemplate":"https:\/\/loob.es\/castellon\/?s={search_term_string}"},"query-input":{"@type":"PropertyValueSpecification","valueRequired":true,"valueName":"search_term_string"}}],"inLanguage":"es"},{"@type":"Organization","@id":"https:\/\/loob.es\/castellon\/#organization","name":"Loob Castell\u00f3n","url":"https:\/\/loob.es\/castellon\/","logo":{"@type":"ImageObject","inLanguage":"es","@id":"https:\/\/loob.es\/castellon\/#\/schema\/logo\/image\/","url":"https:\/\/loob.es\/castellon\/wp-content\/uploads\/Logo-Loob-castellon-blanco.webp","contentUrl":"https:\/\/loob.es\/castellon\/wp-content\/uploads\/Logo-Loob-castellon-blanco.webp","width":156,"height":197,"caption":"Loob Castell\u00f3n"},"image":{"@id":"https:\/\/loob.es\/castellon\/#\/schema\/logo\/image\/"}}]}},"_links":{"self":[{"href":"https:\/\/loob.es\/castellon\/wp-json\/wp\/v2\/pages\/1106","targetHints":{"allow":["GET"]}}],"collection":[{"href":"https:\/\/loob.es\/castellon\/wp-json\/wp\/v2\/pages"}],"about":[{"href":"https:\/\/loob.es\/castellon\/wp-json\/wp\/v2\/types\/page"}],"author":[{"embeddable":true,"href":"https:\/\/loob.es\/castellon\/wp-json\/wp\/v2\/users\/1"}],"replies":[{"embeddable":true,"href":"https:\/\/loob.es\/castellon\/wp-json\/wp\/v2\/comments?post=1106"}],"version-history":[{"count":0,"href":"https:\/\/loob.es\/castellon\/wp-json\/wp\/v2\/pages\/1106\/revisions"}],"wp:attachment":[{"href":"https:\/\/loob.es\/castellon\/wp-json\/wp\/v2\/media?parent=1106"}],"curies":[{"name":"wp","href":"https:\/\/api.w.org\/{rel}","templated":true}]}}