{"id":650,"date":"2024-10-10T23:14:17","date_gmt":"2024-10-10T21:14:17","guid":{"rendered":"https:\/\/loob.es\/castellon\/?page_id=650"},"modified":"2024-10-10T23:15:15","modified_gmt":"2024-10-10T21:15:15","slug":"politicas-de-contratacion","status":"publish","type":"page","link":"https:\/\/loob.es\/castellon\/politicas-de-contratacion\/","title":{"rendered":"Pol\u00edticas de contrataci\u00f3n"},"content":{"rendered":"\t\t<div data-elementor-type=\"wp-page\" data-elementor-id=\"650\" class=\"elementor elementor-650\" data-elementor-post-type=\"page\">\n\t\t\t\t<div class=\"elementor-element elementor-element-f085aa9 e-flex e-con-boxed e-con e-parent\" data-id=\"f085aa9\" data-element_type=\"container\" data-e-type=\"container\">\n\t\t\t\t\t<div class=\"e-con-inner\">\n\t\t\t\t<div class=\"elementor-element elementor-element-15e2e7b elementor-widget elementor-widget-text-editor\" data-id=\"15e2e7b\" data-element_type=\"widget\" data-e-type=\"widget\" data-widget_type=\"text-editor.default\">\n\t\t\t\t<div class=\"elementor-widget-container\">\n\t\t\t\t\t\t\t\t\t<h2 id=\"politica-contratacion\">POL\u00cdTICA DE CONTRATACI\u00d3N<\/h2><ol><li><strong>INTRODUCCI\u00d3N.<\/strong><\/li><\/ol><p>El presente documento tiene por finalidad regular los TERMINOS o CONDICIONES GENERALES DE CONTRATACI\u00d3N de los servicios de Reserva on-line de PROMOCIONES Y EXPLOTACIONES TURISTICAS 2010, S.L. con CIF n\u00ba: B-32409757, y con domicilio social en Avenida de los Descubrimientos N\u00ba38, 28850 Torrej\u00f3n de Ardoz, Madrid. La utilizaci\u00f3n de estos servicios, supondr\u00e1 la aceptaci\u00f3n plena y sin reservas, y la validez, de todos y cada uno de los T\u00e9rminos y\/o Condiciones Generales recogidas en la \u00faltima versi\u00f3n actualizada de estos T\u00e9rminos y\/o Condiciones Generales.<\/p><ol start=\"2\"><li><strong>USO DE LOS SERVICIOS DE RESERVA.<\/strong><\/li><\/ol><ul><li>Reserva: Los servicios de Reserva tienen por finalidad la reserva de una habitaci\u00f3n en el Hotel Loob &amp; Suites ubicado en Torrej\u00f3n de Ardoz.<\/li><li>Procedimiento de contrataci\u00f3n: Toda reserva se confirma mediante el pago de la misma en el momento de su realizaci\u00f3n.\u00a0<strong><em>Al utilizar el servicio, el usuario recibir\u00e1 un mail en el que se incluir\u00e1 la informaci\u00f3n de que su orden de compra se encuentra en proceso de confirmaci\u00f3n.<\/em><\/strong><\/li><li>Garant\u00eda: Siempre y cuando se haya procedido a la realizaci\u00f3n de la reserva y el pago de la estancia se haya efectuado correctamente, dicha reserva queda confirmada y garantizada desde ese mismo momento.<\/li><li>Resoluci\u00f3n del contrato o cancelaci\u00f3n de la reserva: La cancelaci\u00f3n de reservas por el usuario no conllevar\u00e1 gastos de cancelaci\u00f3n anticipada, siempre y cuando \u00e9sta se efect\u00fae hasta 24 horas antes del momento de llegada, es decir, hasta las 14:00 del d\u00eda anterior a la fecha reservada.\u00a0<strong><em>Pasado ese umbral, se cobrar\u00e1 en concepto de indemnizaci\u00f3n los gastos de cancelaci\u00f3n, que ascender\u00e1n al importe de la primera noche (IVA y tasas incluidas)<\/em><\/strong>. Para cancelar una reserva ser\u00e1 imprescindible enviar un email a reservas@loob.es solicitando la cancelaci\u00f3n.<\/li><\/ul><p>** En fechas especiales como Nochevieja, San Valent\u00edn y los puentes o festivos el plazo de cancelaci\u00f3n gratuita es de 48h y siempre es necesario que lo solicite v\u00eda email.**<\/p><ul><li>Horario de entrada y salida: El check-in se ha de realizar siempre a partir de las 14:00 del d\u00eda reservado. No hay l\u00edmite horario de entrada al hotel, ya que la recepci\u00f3n est\u00e1 activa 24 horas. Por otro lado, el check-out se realizar\u00e1\u00a0de la siguiente forma y en funci\u00f3n de la habitaci\u00f3n escogida:<ul><li>Habitaci\u00f3n Junior check-out hasta las 11:00h<\/li><li>Habitaci\u00f3n Master check-out hasta las 11:30h<\/li><li>Habitaciones superiores (Luxury y Premium) check-out hasta las 12:00.<\/li><\/ul><\/li><li>Para ampliaciones o \u201clate check-out\u201d, consultar tarifas y disponibilidad en Recepci\u00f3n.<\/li><li>Para modificar una reserva ser\u00e1 imprescindible enviar un email a reservas@loob.es solicitando dicha modificaci\u00f3n.\u00a0El plazo de modificaci\u00f3n o cancelaci\u00f3n gratuito es hasta 24h antes del d\u00eda de la llegada pasado ese plazo se cobrar\u00e1n gastos.<\/li><li>Ni\u00f1os y animales:\u00a0<em><strong>Est\u00e1 totalmente prohibida la estancia para menores de 18 a\u00f1os y animales en cualquiera de las habitaciones del establecimiento<\/strong><\/em>.<\/li><li>Precios: Los precios s\u00f3lo son v\u00e1lidos durante el plazo que en ellos se indique. Cuando existan razones justificables, Hotel Loob &amp; Suites se reserva el derecho de modificar estas tarifas sin previo aviso. Los precios relativos a la reserva se le indicaran durante el proceso de reserva (IVA incluido).<\/li><\/ul><p>El usuario se compromete utilizar los servicios de manera acorde a la Ley, moral, buenas costumbres y orden p\u00fablico, as\u00ed como con lo dispuesto en los presentes T\u00e9rminos y\/o Condiciones Generales de contrataci\u00f3n. En consecuencia, queda obligado a no utilizar los servicios, con fines o efectos il\u00edcitos y\/o contrarios a lo establecido en los presentes T\u00e9rminos y\/o Condiciones Generales de contrataci\u00f3n, lesivos de derechos y\/o intereses de terceros o que, de cualquier forma, puedan da\u00f1ar los servicios y\/o su imagen.<\/p><ol start=\"3\"><li><strong>USO CORRECTO DE LOS CONTENIDOS DE LA WEB SITE POR EL USUARIO.<\/strong><\/li><\/ol><ul><li>PROMOCIONES Y EXPLOTACIONES TURISTICAS 2010, S.L. as\u00ed como Hotel Loob &amp; Suites, declaran que los derechos de propiedad industrial (marcas, nombres comerciales, etc.) que aparecen en esta Web Site son de su propiedad y\/o se encuentran leg\u00edtimamente explotados en virtud de acuerdos o licencias de uso, encontr\u00e1ndose debidamente protegidos por la Normativa existente sobre Propiedad Industrial. El usuario se obliga a usar la Web Site de forma diligente, correcta y l\u00edcita y, en particular, se compromete a abstenerse de:<\/li><\/ul><ol><li>Suprimir, eludir o manipular el \u201ccopyright\u201d, marcas y dem\u00e1s datos identificativos de los derechos de Hotel Loob &amp; Suites o de sus titulares incorporados a los contenidos y\/o productos comercializados desde esta web, as\u00ed como los dispositivos t\u00e9cnicos de protecci\u00f3n, las huellas digitales o cualesquiera mecanismos de informaci\u00f3n que pudieren contener los mismos.<\/li><li>Emplear los contenidos y, en particular, la informaci\u00f3n de Hotel Loob &amp; Suites obtenida a trav\u00e9s de su Web Site para remitir publicidad, comunicaciones con fines de venta directa o con cualquier otra clase de finalidad comercial, mensajes no solicitados dirigidos a una pluralidad de personas.<\/li><li>Reproducir o copiar, distribuir, permitir el acceso del p\u00fablico a trav\u00e9s de cualquier modalidad de comunicaci\u00f3n p\u00fablica, transformar o modificar los contenidos, a menos que se cuente con la autorizaci\u00f3n del titular de los correspondientes derechos o ello resulte legalmente permitido.<\/li><li>En general, utilizar los contenidos de forma, con fines o efectos contrarios a la ley, a la moral y a las buenas costumbres generalmente aceptadas o al orden p\u00fablico. Hotel Loob &amp; Suites no concede ninguna licencia o autorizaci\u00f3n de uso de ninguna clase sobre sus derechos de propiedad industrial e intelectual o sobre cualquier otra propiedad o derecho relacionado con su Web Site.<\/li><\/ol><ul><li>Procedimiento en caso de violaci\u00f3n de derechos de propiedad intelectual: En el caso de que cualquier usuario o un tercero considere que cualquiera de los contenidos ha sido introducido en su Web Site con violaci\u00f3n de sus derechos de propiedad intelectual deber\u00e1 enviar una notificaci\u00f3n a Hotel Loob &amp; Suites con indicaci\u00f3n completa y precisa de sus datos y de los derechos de propiedad intelectual supuestamente infringidos as\u00ed como la Web Site.<\/li><\/ul><ol start=\"4\"><li><strong>DERECHO DE MODIFICACI\u00d3N DE LAS T\u00c9RMINOS Y\/O CONDICIONES GENERALES DE CONTRATACI\u00d3N.<\/strong><\/li><\/ol><p>Hotel Loob &amp; Suites se reserva el derecho de modificar las presentes T\u00e9rminos y\/o Condiciones Generales de contrataci\u00f3n, informando a los usuarios de las modificaciones efectuadas a trav\u00e9s de\u00a0<a href=\"http:\/\/www.loob.es\/\">www.loob.es<\/a>.<\/p><ol start=\"5\"><li><strong>EXCLUSI\u00d3N DE GARANT\u00cdAS Y DE RESPONSABILIDAD.<\/strong><\/li><\/ol><p>Hotel Loob &amp; Suites no garantiza la fiabilidad, disponibilidad o continuidad de los servicios puestos a disposici\u00f3n del usuario, por lo que excluye cualquier responsabilidad por los da\u00f1os y\/o perjuicios que puedan deberse a la falta de disponibilidad, fiabilidad o continuidad de su p\u00e1gina web o de sus servicios, aunque intentar\u00e1 facilitar, en la medida de sus posibilidades, ayuda t\u00e9cnica a la persona afectada, as\u00ed como intentar restablecer de inmediato la interrupci\u00f3n, poniendo a su disposici\u00f3n medios alternativos.<\/p><p>Asimismo, no se obliga a controlar y no controla con car\u00e1cter previo, la ausencia de virus o elementos en los contenidos, que puedan producir alteraciones en el software o hardware de los usuarios o personas que visiten las p\u00e1ginas, por lo que no responder\u00e1 de los da\u00f1os y perjuicios de cualquier naturaleza que pudieran derivarse de los mismos.<\/p><p><strong><em>Si a pesar de actuar con la previsi\u00f3n y diligencia debidas, no pudiese facilitar las habitaciones contratadas por razones que no les sean imputables y si existiera imposibilidad de prestar los servicios en las condiciones pactadas, Hotel Loob &amp; Suites ofrecer\u00e1 al usuario la posibilidad de optar por el reembolso total de lo abonado o por su sustituci\u00f3n por otro de similares caracter\u00edsticas en cuanto a categor\u00eda o calidad.<\/em><\/strong><strong>\u00a0<\/strong><strong>\u00a0<\/strong><\/p><ol start=\"6\"><li><strong>LEY APLICABLE Y JURISDICCI\u00d3N COMPETENTE.<\/strong><\/li><\/ol><p>Estos T\u00e9rminos y\/o Condiciones Generales de contrataci\u00f3n se rigen por la Ley Espa\u00f1ola. Hotel Loob &amp; Suites y los usuarios, para la resoluci\u00f3n de cualquier controversia que pudiera surgir, con respecto a su validez, ejecuci\u00f3n, cumplimiento o resoluci\u00f3n, total o parcial, se someten, con renuncia expresa a su fuero propio o a cualquier otro que, en su caso, pudiera corresponderles, a la competencia de los Juzgados y Tribunales de Madrid capital. Constituye este contrato la expresi\u00f3n completa e \u00edntegra del acuerdo entre Hotel Loob &amp; Suites y el usuario, y sustituye todos los anteriores pactos, compromisos, manifestaciones o acuerdos, tanto escritos como orales, que hayan existido previamente entre ambos. En todo caso, cualquier controversia que pudiera derivarse de la prestaci\u00f3n de los servicios en el Hotel en que se alojase el cliente, se someter\u00e1 a los Juzgados y Tribunales del domicilio del consumidor.<\/p><h2 id=\"club-loober\">CONDICIONES CLUB LOOBER<\/h2><p>Para formar parte del\u00a0<strong>Club Loober<\/strong>, el usuario debe aportar sus datos<br \/>convenientemente rellenando el formulario de\u00a0<strong>Socio Loober<\/strong>, lo que le otorgar\u00e1 diferentes privilegios de cara a sus estancias y posteriores compras en Loob.<br \/>El cliente al hacerse\u00a0<strong>Socio Loober<\/strong>, acepta que el\u00a0<strong>Hotel Loob<\/strong>\u00a0crear\u00e1 una cuenta personal en su sistema de reservas informatizado para que en cada pago de estancias se acumule en dicha cuenta, un 5% del importe de la reserva.<br \/>Tal cantidad, tendr\u00e1 una disponibilidad total de un a\u00f1o desde la fecha de la reserva que la gener\u00f3, y podr\u00e1 ser descontada en posteriores reservas, o incluso acumulada para obtener estancias gratis. Por tanto, se declara que no existe limitaci\u00f3n cuantitativa de acumulaci\u00f3n, pero s\u00ed temporal, perdi\u00e9ndose autom\u00e1ticamente las cantidades no canjeadas en el plazo de un a\u00f1o natural desde el registro del importe.<\/p>\t\t\t\t\t\t\t\t<\/div>\n\t\t\t\t<\/div>\n\t\t\t\t\t<\/div>\n\t\t\t\t<\/div>\n\t\t\t\t<\/div>\n\t\t","protected":false},"excerpt":{"rendered":"<p>POL\u00cdTICA DE CONTRATACI\u00d3N INTRODUCCI\u00d3N. El presente documento tiene por finalidad regular los TERMINOS o CONDICIONES GENERALES DE CONTRATACI\u00d3N de los servicios de Reserva on-line de PROMOCIONES Y EXPLOTACIONES TURISTICAS 2010, S.L. con CIF n\u00ba: B-32409757, y con domicilio social en Avenida de los Descubrimientos N\u00ba38, 28850 Torrej\u00f3n de Ardoz, Madrid. La utilizaci\u00f3n de estos servicios, [&hellip;]<\/p>\n","protected":false},"author":1,"featured_media":0,"parent":0,"menu_order":0,"comment_status":"closed","ping_status":"closed","template":"elementor_canvas","meta":{"footnotes":""},"class_list":["post-650","page","type-page","status-publish","hentry"],"yoast_head":"<!-- This site is optimized with the Yoast SEO plugin v27.3 - https:\/\/yoast.com\/product\/yoast-seo-wordpress\/ -->\n<title>Pol\u00edticas de contrataci\u00f3n - Loob Castell\u00f3n<\/title>\n<meta name=\"robots\" content=\"index, follow, max-snippet:-1, max-image-preview:large, max-video-preview:-1\" \/>\n<link rel=\"canonical\" href=\"https:\/\/loob.es\/castellon\/politicas-de-contratacion\/\" \/>\n<meta property=\"og:locale\" content=\"es_ES\" \/>\n<meta property=\"og:type\" content=\"article\" \/>\n<meta property=\"og:title\" content=\"Pol\u00edticas de contrataci\u00f3n - Loob Castell\u00f3n\" \/>\n<meta property=\"og:description\" content=\"POL\u00cdTICA DE CONTRATACI\u00d3N INTRODUCCI\u00d3N. El presente documento tiene por finalidad regular los TERMINOS o CONDICIONES GENERALES DE CONTRATACI\u00d3N de los servicios de Reserva on-line de PROMOCIONES Y EXPLOTACIONES TURISTICAS 2010, S.L. con CIF n\u00ba: B-32409757, y con domicilio social en Avenida de los Descubrimientos N\u00ba38, 28850 Torrej\u00f3n de Ardoz, Madrid. La utilizaci\u00f3n de estos servicios, [&hellip;]\" \/>\n<meta property=\"og:url\" content=\"https:\/\/loob.es\/castellon\/politicas-de-contratacion\/\" \/>\n<meta property=\"og:site_name\" content=\"Loob Castell\u00f3n\" \/>\n<meta property=\"article:modified_time\" content=\"2024-10-10T21:15:15+00:00\" \/>\n<meta name=\"twitter:card\" content=\"summary_large_image\" \/>\n<meta name=\"twitter:label1\" content=\"Tiempo de lectura\" \/>\n\t<meta name=\"twitter:data1\" content=\"8 minutos\" \/>\n<script type=\"application\/ld+json\" class=\"yoast-schema-graph\">{\"@context\":\"https:\\\/\\\/schema.org\",\"@graph\":[{\"@type\":\"WebPage\",\"@id\":\"https:\\\/\\\/loob.es\\\/castellon\\\/politicas-de-contratacion\\\/\",\"url\":\"https:\\\/\\\/loob.es\\\/castellon\\\/politicas-de-contratacion\\\/\",\"name\":\"Pol\u00edticas de contrataci\u00f3n - Loob Castell\u00f3n\",\"isPartOf\":{\"@id\":\"https:\\\/\\\/loob.es\\\/castellon\\\/#website\"},\"datePublished\":\"2024-10-10T21:14:17+00:00\",\"dateModified\":\"2024-10-10T21:15:15+00:00\",\"breadcrumb\":{\"@id\":\"https:\\\/\\\/loob.es\\\/castellon\\\/politicas-de-contratacion\\\/#breadcrumb\"},\"inLanguage\":\"es\",\"potentialAction\":[{\"@type\":\"ReadAction\",\"target\":[\"https:\\\/\\\/loob.es\\\/castellon\\\/politicas-de-contratacion\\\/\"]}]},{\"@type\":\"BreadcrumbList\",\"@id\":\"https:\\\/\\\/loob.es\\\/castellon\\\/politicas-de-contratacion\\\/#breadcrumb\",\"itemListElement\":[{\"@type\":\"ListItem\",\"position\":1,\"name\":\"Portada\",\"item\":\"https:\\\/\\\/loob.es\\\/castellon\\\/\"},{\"@type\":\"ListItem\",\"position\":2,\"name\":\"Pol\u00edticas de contrataci\u00f3n\"}]},{\"@type\":\"WebSite\",\"@id\":\"https:\\\/\\\/loob.es\\\/castellon\\\/#website\",\"url\":\"https:\\\/\\\/loob.es\\\/castellon\\\/\",\"name\":\"Loob Castell\u00f3n\",\"description\":\"Suites privada en Onda\",\"publisher\":{\"@id\":\"https:\\\/\\\/loob.es\\\/castellon\\\/#organization\"},\"potentialAction\":[{\"@type\":\"SearchAction\",\"target\":{\"@type\":\"EntryPoint\",\"urlTemplate\":\"https:\\\/\\\/loob.es\\\/castellon\\\/?s={search_term_string}\"},\"query-input\":{\"@type\":\"PropertyValueSpecification\",\"valueRequired\":true,\"valueName\":\"search_term_string\"}}],\"inLanguage\":\"es\"},{\"@type\":\"Organization\",\"@id\":\"https:\\\/\\\/loob.es\\\/castellon\\\/#organization\",\"name\":\"Loob Castell\u00f3n\",\"url\":\"https:\\\/\\\/loob.es\\\/castellon\\\/\",\"logo\":{\"@type\":\"ImageObject\",\"inLanguage\":\"es\",\"@id\":\"https:\\\/\\\/loob.es\\\/castellon\\\/#\\\/schema\\\/logo\\\/image\\\/\",\"url\":\"https:\\\/\\\/loob.es\\\/castellon\\\/wp-content\\\/uploads\\\/Logo-Loob-castellon-blanco.webp\",\"contentUrl\":\"https:\\\/\\\/loob.es\\\/castellon\\\/wp-content\\\/uploads\\\/Logo-Loob-castellon-blanco.webp\",\"width\":156,\"height\":197,\"caption\":\"Loob Castell\u00f3n\"},\"image\":{\"@id\":\"https:\\\/\\\/loob.es\\\/castellon\\\/#\\\/schema\\\/logo\\\/image\\\/\"}}]}<\/script>\n<!-- \/ Yoast SEO plugin. -->","yoast_head_json":{"title":"Pol\u00edticas de contrataci\u00f3n - Loob Castell\u00f3n","robots":{"index":"index","follow":"follow","max-snippet":"max-snippet:-1","max-image-preview":"max-image-preview:large","max-video-preview":"max-video-preview:-1"},"canonical":"https:\/\/loob.es\/castellon\/politicas-de-contratacion\/","og_locale":"es_ES","og_type":"article","og_title":"Pol\u00edticas de contrataci\u00f3n - Loob Castell\u00f3n","og_description":"POL\u00cdTICA DE CONTRATACI\u00d3N INTRODUCCI\u00d3N. El presente documento tiene por finalidad regular los TERMINOS o CONDICIONES GENERALES DE CONTRATACI\u00d3N de los servicios de Reserva on-line de PROMOCIONES Y EXPLOTACIONES TURISTICAS 2010, S.L. con CIF n\u00ba: B-32409757, y con domicilio social en Avenida de los Descubrimientos N\u00ba38, 28850 Torrej\u00f3n de Ardoz, Madrid. La utilizaci\u00f3n de estos servicios, [&hellip;]","og_url":"https:\/\/loob.es\/castellon\/politicas-de-contratacion\/","og_site_name":"Loob Castell\u00f3n","article_modified_time":"2024-10-10T21:15:15+00:00","twitter_card":"summary_large_image","twitter_misc":{"Tiempo de lectura":"8 minutos"},"schema":{"@context":"https:\/\/schema.org","@graph":[{"@type":"WebPage","@id":"https:\/\/loob.es\/castellon\/politicas-de-contratacion\/","url":"https:\/\/loob.es\/castellon\/politicas-de-contratacion\/","name":"Pol\u00edticas de contrataci\u00f3n - Loob Castell\u00f3n","isPartOf":{"@id":"https:\/\/loob.es\/castellon\/#website"},"datePublished":"2024-10-10T21:14:17+00:00","dateModified":"2024-10-10T21:15:15+00:00","breadcrumb":{"@id":"https:\/\/loob.es\/castellon\/politicas-de-contratacion\/#breadcrumb"},"inLanguage":"es","potentialAction":[{"@type":"ReadAction","target":["https:\/\/loob.es\/castellon\/politicas-de-contratacion\/"]}]},{"@type":"BreadcrumbList","@id":"https:\/\/loob.es\/castellon\/politicas-de-contratacion\/#breadcrumb","itemListElement":[{"@type":"ListItem","position":1,"name":"Portada","item":"https:\/\/loob.es\/castellon\/"},{"@type":"ListItem","position":2,"name":"Pol\u00edticas de contrataci\u00f3n"}]},{"@type":"WebSite","@id":"https:\/\/loob.es\/castellon\/#website","url":"https:\/\/loob.es\/castellon\/","name":"Loob Castell\u00f3n","description":"Suites privada en Onda","publisher":{"@id":"https:\/\/loob.es\/castellon\/#organization"},"potentialAction":[{"@type":"SearchAction","target":{"@type":"EntryPoint","urlTemplate":"https:\/\/loob.es\/castellon\/?s={search_term_string}"},"query-input":{"@type":"PropertyValueSpecification","valueRequired":true,"valueName":"search_term_string"}}],"inLanguage":"es"},{"@type":"Organization","@id":"https:\/\/loob.es\/castellon\/#organization","name":"Loob Castell\u00f3n","url":"https:\/\/loob.es\/castellon\/","logo":{"@type":"ImageObject","inLanguage":"es","@id":"https:\/\/loob.es\/castellon\/#\/schema\/logo\/image\/","url":"https:\/\/loob.es\/castellon\/wp-content\/uploads\/Logo-Loob-castellon-blanco.webp","contentUrl":"https:\/\/loob.es\/castellon\/wp-content\/uploads\/Logo-Loob-castellon-blanco.webp","width":156,"height":197,"caption":"Loob Castell\u00f3n"},"image":{"@id":"https:\/\/loob.es\/castellon\/#\/schema\/logo\/image\/"}}]}},"_links":{"self":[{"href":"https:\/\/loob.es\/castellon\/wp-json\/wp\/v2\/pages\/650","targetHints":{"allow":["GET"]}}],"collection":[{"href":"https:\/\/loob.es\/castellon\/wp-json\/wp\/v2\/pages"}],"about":[{"href":"https:\/\/loob.es\/castellon\/wp-json\/wp\/v2\/types\/page"}],"author":[{"embeddable":true,"href":"https:\/\/loob.es\/castellon\/wp-json\/wp\/v2\/users\/1"}],"replies":[{"embeddable":true,"href":"https:\/\/loob.es\/castellon\/wp-json\/wp\/v2\/comments?post=650"}],"version-history":[{"count":0,"href":"https:\/\/loob.es\/castellon\/wp-json\/wp\/v2\/pages\/650\/revisions"}],"wp:attachment":[{"href":"https:\/\/loob.es\/castellon\/wp-json\/wp\/v2\/media?parent=650"}],"curies":[{"name":"wp","href":"https:\/\/api.w.org\/{rel}","templated":true}]}}