{"id":3862,"date":"2026-03-30T15:29:57","date_gmt":"2026-03-30T13:29:57","guid":{"rendered":"https:\/\/loob.es\/madrid\/?page_id=3862"},"modified":"2026-03-30T15:30:47","modified_gmt":"2026-03-30T13:30:47","slug":"restauracion-y-juguetes","status":"publish","type":"page","link":"https:\/\/loob.es\/madrid\/restauracion-y-juguetes\/","title":{"rendered":"Restauraci\u00f3n y juguetes"},"content":{"rendered":"\t\t<div data-elementor-type=\"wp-page\" data-elementor-id=\"3862\" class=\"elementor elementor-3862\" data-elementor-post-type=\"page\">\n\t\t\t\t<div class=\"elementor-element elementor-element-2b3a4cc e-flex e-con-boxed e-con e-parent\" data-id=\"2b3a4cc\" data-element_type=\"container\" data-e-type=\"container\" data-settings=\"{&quot;background_background&quot;:&quot;classic&quot;}\">\n\t\t\t\t\t<div class=\"e-con-inner\">\n\t\t<div class=\"elementor-element elementor-element-17c11c7 e-con-full e-flex e-con e-child\" data-id=\"17c11c7\" data-element_type=\"container\" data-e-type=\"container\">\n\t\t\t\t<div class=\"elementor-element elementor-element-6f1d0d1 elementor-cta--layout-image-left elementor-cta--mobile-layout-image-above elementor-cta--skin-classic elementor-animated-content elementor-bg-transform elementor-bg-transform-zoom-in elementor-widget elementor-widget-call-to-action\" data-id=\"6f1d0d1\" data-element_type=\"widget\" data-e-type=\"widget\" data-widget_type=\"call-to-action.default\">\n\t\t\t\t<div class=\"elementor-widget-container\">\n\t\t\t\t\t\t\t<div class=\"elementor-cta\">\n\t\t\t\t\t<div class=\"elementor-cta__bg-wrapper\">\n\t\t\t\t<div class=\"elementor-cta__bg elementor-bg\" style=\"background-image: url(https:\/\/loob.es\/madrid\/wp-content\/uploads\/Restauracion-de-Loob-Madrid.webp);\" role=\"img\" aria-label=\"Restauraci\u00f3n de Loob Madrid\"><\/div>\n\t\t\t\t<div class=\"elementor-cta__bg-overlay\"><\/div>\n\t\t\t<\/div>\n\t\t\t\t\t\t\t<div class=\"elementor-cta__content\">\n\t\t\t\t\n\t\t\t\t\t\t\t\t\t<h2 class=\"elementor-cta__title elementor-cta__content-item elementor-content-item\">\n\t\t\t\t\t\trestauraci\u00f3n\t\t\t\t\t<\/h2>\n\t\t\t\t\n\t\t\t\t\n\t\t\t\t\t\t\t\t\t<div class=\"elementor-cta__button-wrapper elementor-cta__content-item elementor-content-item \">\n\t\t\t\t\t<a class=\"elementor-cta__button elementor-button elementor-size-\" href=\"https:\/\/loob.es\/madrid\/carta-loob\/\">\n\t\t\t\t\t\tCarta\t\t\t\t\t<\/a>\n\t\t\t\t\t<\/div>\n\t\t\t\t\t\t\t<\/div>\n\t\t\t\t\t\t<\/div>\n\t\t\t\t\t\t<\/div>\n\t\t\t\t<\/div>\n\t\t\t\t<\/div>\n\t\t<div class=\"elementor-element elementor-element-1d623eb e-con-full e-flex e-con e-child\" data-id=\"1d623eb\" data-element_type=\"container\" data-e-type=\"container\">\n\t\t\t\t<div class=\"elementor-element elementor-element-c66f9b5 elementor-cta--layout-image-left elementor-cta--mobile-layout-image-above elementor-cta--skin-classic elementor-animated-content elementor-bg-transform elementor-bg-transform-zoom-in elementor-widget elementor-widget-call-to-action\" data-id=\"c66f9b5\" data-element_type=\"widget\" data-e-type=\"widget\" data-widget_type=\"call-to-action.default\">\n\t\t\t\t<div class=\"elementor-widget-container\">\n\t\t\t\t\t\t\t<div class=\"elementor-cta\">\n\t\t\t\t\t<div class=\"elementor-cta__bg-wrapper\">\n\t\t\t\t<div class=\"elementor-cta__bg elementor-bg\" style=\"background-image: url(https:\/\/loob.es\/madrid\/wp-content\/uploads\/Boutique-erotica-de-loob-Madrid-1.webp);\" role=\"img\" aria-label=\"Boutique erotica de loob Madrid.webp\"><\/div>\n\t\t\t\t<div class=\"elementor-cta__bg-overlay\"><\/div>\n\t\t\t<\/div>\n\t\t\t\t\t\t\t<div class=\"elementor-cta__content\">\n\t\t\t\t\n\t\t\t\t\t\t\t\t\t<h2 class=\"elementor-cta__title elementor-cta__content-item elementor-content-item\">\n\t\t\t\t\t\tboutique er\u00f3tica\t\t\t\t\t<\/h2>\n\t\t\t\t\n\t\t\t\t\n\t\t\t\t\t\t\t\t\t<div class=\"elementor-cta__button-wrapper elementor-cta__content-item elementor-content-item \">\n\t\t\t\t\t<a class=\"elementor-cta__button elementor-button elementor-size-\" href=\"https:\/\/loob.es\/madrid\/boutique-loob\/\">\n\t\t\t\t\t\tVer cat\u00e1logo\t\t\t\t\t<\/a>\n\t\t\t\t\t<\/div>\n\t\t\t\t\t\t\t<\/div>\n\t\t\t\t\t\t<\/div>\n\t\t\t\t\t\t<\/div>\n\t\t\t\t<\/div>\n\t\t\t\t<\/div>\n\t\t\t\t\t<\/div>\n\t\t\t\t<\/div>\n\t\t\t\t<\/div>\n\t\t","protected":false},"excerpt":{"rendered":"<p>restauraci\u00f3n Carta boutique er\u00f3tica Ver cat\u00e1logo<\/p>\n","protected":false},"author":1,"featured_media":0,"parent":0,"menu_order":0,"comment_status":"closed","ping_status":"closed","template":"","meta":{"footnotes":""},"class_list":["post-3862","page","type-page","status-publish","hentry"],"yoast_head":"<!-- This site is optimized with the Yoast SEO plugin v27.3 - https:\/\/yoast.com\/product\/yoast-seo-wordpress\/ -->\n<title>Restauraci\u00f3n y juguetes - Loob Madrid<\/title>\n<meta name=\"robots\" content=\"index, follow, max-snippet:-1, max-image-preview:large, max-video-preview:-1\" \/>\n<link rel=\"canonical\" href=\"https:\/\/loob.es\/madrid\/restauracion-y-juguetes\/\" \/>\n<meta property=\"og:locale\" content=\"es_ES\" \/>\n<meta property=\"og:type\" content=\"article\" \/>\n<meta property=\"og:title\" content=\"Restauraci\u00f3n y juguetes - Loob Madrid\" \/>\n<meta property=\"og:description\" content=\"restauraci\u00f3n Carta boutique er\u00f3tica Ver cat\u00e1logo\" \/>\n<meta property=\"og:url\" content=\"https:\/\/loob.es\/madrid\/restauracion-y-juguetes\/\" \/>\n<meta property=\"og:site_name\" content=\"Loob Madrid\" \/>\n<meta property=\"article:modified_time\" content=\"2026-03-30T13:30:47+00:00\" \/>\n<meta name=\"twitter:card\" content=\"summary_large_image\" \/>\n<meta name=\"twitter:label1\" content=\"Tiempo de lectura\" \/>\n\t<meta name=\"twitter:data1\" content=\"1 minuto\" \/>\n<script type=\"application\/ld+json\" class=\"yoast-schema-graph\">{\"@context\":\"https:\\\/\\\/schema.org\",\"@graph\":[{\"@type\":\"WebPage\",\"@id\":\"https:\\\/\\\/loob.es\\\/madrid\\\/restauracion-y-juguetes\\\/\",\"url\":\"https:\\\/\\\/loob.es\\\/madrid\\\/restauracion-y-juguetes\\\/\",\"name\":\"Restauraci\u00f3n y juguetes - Loob Madrid\",\"isPartOf\":{\"@id\":\"https:\\\/\\\/loob.es\\\/madrid\\\/#website\"},\"datePublished\":\"2026-03-30T13:29:57+00:00\",\"dateModified\":\"2026-03-30T13:30:47+00:00\",\"breadcrumb\":{\"@id\":\"https:\\\/\\\/loob.es\\\/madrid\\\/restauracion-y-juguetes\\\/#breadcrumb\"},\"inLanguage\":\"es\",\"potentialAction\":[{\"@type\":\"ReadAction\",\"target\":[\"https:\\\/\\\/loob.es\\\/madrid\\\/restauracion-y-juguetes\\\/\"]}]},{\"@type\":\"BreadcrumbList\",\"@id\":\"https:\\\/\\\/loob.es\\\/madrid\\\/restauracion-y-juguetes\\\/#breadcrumb\",\"itemListElement\":[{\"@type\":\"ListItem\",\"position\":1,\"name\":\"Portada\",\"item\":\"https:\\\/\\\/loob.es\\\/madrid\\\/\"},{\"@type\":\"ListItem\",\"position\":2,\"name\":\"Restauraci\u00f3n y juguetes\"}]},{\"@type\":\"WebSite\",\"@id\":\"https:\\\/\\\/loob.es\\\/madrid\\\/#website\",\"url\":\"https:\\\/\\\/loob.es\\\/madrid\\\/\",\"name\":\"Loob Madrid\",\"description\":\"Suites privada en Madrid\",\"publisher\":{\"@id\":\"https:\\\/\\\/loob.es\\\/madrid\\\/#organization\"},\"potentialAction\":[{\"@type\":\"SearchAction\",\"target\":{\"@type\":\"EntryPoint\",\"urlTemplate\":\"https:\\\/\\\/loob.es\\\/madrid\\\/?s={search_term_string}\"},\"query-input\":{\"@type\":\"PropertyValueSpecification\",\"valueRequired\":true,\"valueName\":\"search_term_string\"}}],\"inLanguage\":\"es\"},{\"@type\":\"Organization\",\"@id\":\"https:\\\/\\\/loob.es\\\/madrid\\\/#organization\",\"name\":\"Loob Madrid\",\"url\":\"https:\\\/\\\/loob.es\\\/madrid\\\/\",\"logo\":{\"@type\":\"ImageObject\",\"inLanguage\":\"es\",\"@id\":\"https:\\\/\\\/loob.es\\\/madrid\\\/#\\\/schema\\\/logo\\\/image\\\/\",\"url\":\"https:\\\/\\\/loob.es\\\/madrid\\\/wp-content\\\/uploads\\\/Logo-Loob-madrid-blanco.webp\",\"contentUrl\":\"https:\\\/\\\/loob.es\\\/madrid\\\/wp-content\\\/uploads\\\/Logo-Loob-madrid-blanco.webp\",\"width\":153,\"height\":197,\"caption\":\"Loob Madrid\"},\"image\":{\"@id\":\"https:\\\/\\\/loob.es\\\/madrid\\\/#\\\/schema\\\/logo\\\/image\\\/\"}}]}<\/script>\n<!-- \/ Yoast SEO plugin. -->","yoast_head_json":{"title":"Restauraci\u00f3n y juguetes - Loob Madrid","robots":{"index":"index","follow":"follow","max-snippet":"max-snippet:-1","max-image-preview":"max-image-preview:large","max-video-preview":"max-video-preview:-1"},"canonical":"https:\/\/loob.es\/madrid\/restauracion-y-juguetes\/","og_locale":"es_ES","og_type":"article","og_title":"Restauraci\u00f3n y juguetes - Loob Madrid","og_description":"restauraci\u00f3n Carta boutique er\u00f3tica Ver cat\u00e1logo","og_url":"https:\/\/loob.es\/madrid\/restauracion-y-juguetes\/","og_site_name":"Loob Madrid","article_modified_time":"2026-03-30T13:30:47+00:00","twitter_card":"summary_large_image","twitter_misc":{"Tiempo de lectura":"1 minuto"},"schema":{"@context":"https:\/\/schema.org","@graph":[{"@type":"WebPage","@id":"https:\/\/loob.es\/madrid\/restauracion-y-juguetes\/","url":"https:\/\/loob.es\/madrid\/restauracion-y-juguetes\/","name":"Restauraci\u00f3n y juguetes - Loob Madrid","isPartOf":{"@id":"https:\/\/loob.es\/madrid\/#website"},"datePublished":"2026-03-30T13:29:57+00:00","dateModified":"2026-03-30T13:30:47+00:00","breadcrumb":{"@id":"https:\/\/loob.es\/madrid\/restauracion-y-juguetes\/#breadcrumb"},"inLanguage":"es","potentialAction":[{"@type":"ReadAction","target":["https:\/\/loob.es\/madrid\/restauracion-y-juguetes\/"]}]},{"@type":"BreadcrumbList","@id":"https:\/\/loob.es\/madrid\/restauracion-y-juguetes\/#breadcrumb","itemListElement":[{"@type":"ListItem","position":1,"name":"Portada","item":"https:\/\/loob.es\/madrid\/"},{"@type":"ListItem","position":2,"name":"Restauraci\u00f3n y juguetes"}]},{"@type":"WebSite","@id":"https:\/\/loob.es\/madrid\/#website","url":"https:\/\/loob.es\/madrid\/","name":"Loob Madrid","description":"Suites privada en Madrid","publisher":{"@id":"https:\/\/loob.es\/madrid\/#organization"},"potentialAction":[{"@type":"SearchAction","target":{"@type":"EntryPoint","urlTemplate":"https:\/\/loob.es\/madrid\/?s={search_term_string}"},"query-input":{"@type":"PropertyValueSpecification","valueRequired":true,"valueName":"search_term_string"}}],"inLanguage":"es"},{"@type":"Organization","@id":"https:\/\/loob.es\/madrid\/#organization","name":"Loob Madrid","url":"https:\/\/loob.es\/madrid\/","logo":{"@type":"ImageObject","inLanguage":"es","@id":"https:\/\/loob.es\/madrid\/#\/schema\/logo\/image\/","url":"https:\/\/loob.es\/madrid\/wp-content\/uploads\/Logo-Loob-madrid-blanco.webp","contentUrl":"https:\/\/loob.es\/madrid\/wp-content\/uploads\/Logo-Loob-madrid-blanco.webp","width":153,"height":197,"caption":"Loob Madrid"},"image":{"@id":"https:\/\/loob.es\/madrid\/#\/schema\/logo\/image\/"}}]}},"_links":{"self":[{"href":"https:\/\/loob.es\/madrid\/wp-json\/wp\/v2\/pages\/3862","targetHints":{"allow":["GET"]}}],"collection":[{"href":"https:\/\/loob.es\/madrid\/wp-json\/wp\/v2\/pages"}],"about":[{"href":"https:\/\/loob.es\/madrid\/wp-json\/wp\/v2\/types\/page"}],"author":[{"embeddable":true,"href":"https:\/\/loob.es\/madrid\/wp-json\/wp\/v2\/users\/1"}],"replies":[{"embeddable":true,"href":"https:\/\/loob.es\/madrid\/wp-json\/wp\/v2\/comments?post=3862"}],"version-history":[{"count":5,"href":"https:\/\/loob.es\/madrid\/wp-json\/wp\/v2\/pages\/3862\/revisions"}],"predecessor-version":[{"id":3870,"href":"https:\/\/loob.es\/madrid\/wp-json\/wp\/v2\/pages\/3862\/revisions\/3870"}],"wp:attachment":[{"href":"https:\/\/loob.es\/madrid\/wp-json\/wp\/v2\/media?parent=3862"}],"curies":[{"name":"wp","href":"https:\/\/api.w.org\/{rel}","templated":true}]}}